{"id":301,"date":"2026-04-09T07:13:16","date_gmt":"2026-04-09T07:13:16","guid":{"rendered":"https:\/\/audinet-ebeniste.fr\/?page_id=301"},"modified":"2026-04-09T07:21:47","modified_gmt":"2026-04-09T07:21:47","slug":"partenaires","status":"publish","type":"page","link":"https:\/\/audinet-ebeniste.fr\/index.php\/partenaires\/","title":{"rendered":"PARTENAIRES"},"content":{"rendered":"\n<div class=\"wp-block-media-text is-stacked-on-mobile\"><figure class=\"wp-block-media-text__media\"><img loading=\"lazy\" decoding=\"async\" width=\"1024\" height=\"571\" src=\"https:\/\/audinet-ebeniste.fr\/wp-content\/uploads\/2026\/04\/Ferrmiers-et-artisans-lay-au-doux-logo-CMJN.jpeg-1024x571.jpg\" alt=\"\" class=\"wp-image-302 size-full\" srcset=\"https:\/\/audinet-ebeniste.fr\/wp-content\/uploads\/2026\/04\/Ferrmiers-et-artisans-lay-au-doux-logo-CMJN.jpeg-1024x571.jpg 1024w, https:\/\/audinet-ebeniste.fr\/wp-content\/uploads\/2026\/04\/Ferrmiers-et-artisans-lay-au-doux-logo-CMJN.jpeg-300x167.jpg 300w, https:\/\/audinet-ebeniste.fr\/wp-content\/uploads\/2026\/04\/Ferrmiers-et-artisans-lay-au-doux-logo-CMJN.jpeg-768x429.jpg 768w, https:\/\/audinet-ebeniste.fr\/wp-content\/uploads\/2026\/04\/Ferrmiers-et-artisans-lay-au-doux-logo-CMJN.jpeg-1536x857.jpg 1536w, https:\/\/audinet-ebeniste.fr\/wp-content\/uploads\/2026\/04\/Ferrmiers-et-artisans-lay-au-doux-logo-CMJN.jpeg-2048x1143.jpg 2048w\" sizes=\"auto, (max-width: 767px) 89vw, (max-width: 1000px) 54vw, (max-width: 1071px) 543px, 580px\" \/><\/figure><div class=\"wp-block-media-text__content\">\n<p>Fermiers et Artisans de l&rsquo;Ay au Doux<\/p>\n\n\n\n<p>Association locale m&rsquo;\u00e9tant en avant des produits de qualit\u00e9s de notre r\u00e9gion. Retrouvez-nous sur les diff\u00e9rents march\u00e9s \u00e0 la ferme que l&rsquo;on organise chez les membres de l&rsquo;association.<\/p>\n<\/div><\/div>\n\n\n\n<div class=\"wp-block-media-text has-media-on-the-right is-stacked-on-mobile\"><div class=\"wp-block-media-text__content\">\n<p>Thomas Apiculture<\/p>\n\n\n\n<p>D\u00e9gustez un miel savoureux de la r\u00e9gion de Saint-Victor. Thomas soigne ses abeilles avec passion qui lui fabriquent diff\u00e9rents miels de qualit\u00e9. <\/p>\n\n\n\n<p><a href=\"https:\/\/degaudemar.fr\/presentation.html\">https:\/\/degaudemar.fr\/presentation.html<\/a><\/p>\n<\/div><figure class=\"wp-block-media-text__media\"><img loading=\"lazy\" decoding=\"async\" width=\"514\" height=\"770\" src=\"https:\/\/audinet-ebeniste.fr\/wp-content\/uploads\/2026\/04\/thom.jpg\" alt=\"\" class=\"wp-image-305 size-full\" srcset=\"https:\/\/audinet-ebeniste.fr\/wp-content\/uploads\/2026\/04\/thom.jpg 514w, https:\/\/audinet-ebeniste.fr\/wp-content\/uploads\/2026\/04\/thom-200x300.jpg 200w\" sizes=\"auto, (max-width: 514px) 100vw, 514px\" \/><\/figure><\/div>\n\n\n\n<div class=\"wp-block-media-text is-stacked-on-mobile\"><figure class=\"wp-block-media-text__media\"><img loading=\"lazy\" decoding=\"async\" width=\"680\" height=\"426\" src=\"https:\/\/audinet-ebeniste.fr\/wp-content\/uploads\/2026\/04\/guilhemchemarin-gcf.jpg\" alt=\"\" class=\"wp-image-309 size-full\" srcset=\"https:\/\/audinet-ebeniste.fr\/wp-content\/uploads\/2026\/04\/guilhemchemarin-gcf.jpg 680w, https:\/\/audinet-ebeniste.fr\/wp-content\/uploads\/2026\/04\/guilhemchemarin-gcf-300x188.jpg 300w\" sizes=\"auto, (max-width: 680px) 100vw, 680px\" \/><\/figure><div class=\"wp-block-media-text__content\">\n<p>Ferronnerie d&rsquo;art et metallerie<\/p>\n\n\n\n<p>Guilhem CHEMARIN m&rsquo;accompagne dans vos projets bois m\u00e9tal. N&rsquo;h\u00e9sitez pas \u00e0 le contacter pour vos projets de v\u00e9randa, garde corps, ces talents de forgeron viendrons parfaire ces r\u00e9alisations de tr\u00e8s grandes qualit\u00e9s.<\/p>\n\n\n\n<p><a href=\"https:\/\/www.guilhemchemarin-gcf.fr\">https:\/\/www.guilhemchemarin-gcf.fr<\/a><\/p>\n<\/div><\/div>\n","protected":false},"excerpt":{"rendered":"<p>Fermiers et Artisans de l&rsquo;Ay au Doux Association locale m&rsquo;\u00e9tant en avant des produits de qualit\u00e9s de notre r\u00e9gion. Retrouvez-nous sur les diff\u00e9rents march\u00e9s \u00e0 la ferme que l&rsquo;on organise chez les membres de l&rsquo;association. Thomas Apiculture D\u00e9gustez un miel savoureux de la r\u00e9gion de Saint-Victor. Thomas soigne ses abeilles avec passion qui lui fabriquent &hellip; <\/p>\n<p class=\"link-more\"><a href=\"https:\/\/audinet-ebeniste.fr\/index.php\/partenaires\/\" class=\"more-link\">Continuer la lecture<span class=\"screen-reader-text\"> de &laquo;&nbsp;PARTENAIRES&nbsp;&raquo;<\/span><\/a><\/p>\n","protected":false},"author":2,"featured_media":0,"parent":0,"menu_order":0,"comment_status":"closed","ping_status":"closed","template":"","meta":{"footnotes":""},"class_list":["post-301","page","type-page","status-publish","hentry"],"_links":{"self":[{"href":"https:\/\/audinet-ebeniste.fr\/index.php\/wp-json\/wp\/v2\/pages\/301","targetHints":{"allow":["GET"]}}],"collection":[{"href":"https:\/\/audinet-ebeniste.fr\/index.php\/wp-json\/wp\/v2\/pages"}],"about":[{"href":"https:\/\/audinet-ebeniste.fr\/index.php\/wp-json\/wp\/v2\/types\/page"}],"author":[{"embeddable":true,"href":"https:\/\/audinet-ebeniste.fr\/index.php\/wp-json\/wp\/v2\/users\/2"}],"replies":[{"embeddable":true,"href":"https:\/\/audinet-ebeniste.fr\/index.php\/wp-json\/wp\/v2\/comments?post=301"}],"version-history":[{"count":5,"href":"https:\/\/audinet-ebeniste.fr\/index.php\/wp-json\/wp\/v2\/pages\/301\/revisions"}],"predecessor-version":[{"id":311,"href":"https:\/\/audinet-ebeniste.fr\/index.php\/wp-json\/wp\/v2\/pages\/301\/revisions\/311"}],"wp:attachment":[{"href":"https:\/\/audinet-ebeniste.fr\/index.php\/wp-json\/wp\/v2\/media?parent=301"}],"curies":[{"name":"wp","href":"https:\/\/api.w.org\/{rel}","templated":true}]}}