{"id":94,"date":"2026-03-14T06:38:57","date_gmt":"2026-03-14T06:38:57","guid":{"rendered":"https:\/\/audinev.cluster121.hosting.ovh.net\/?page_id=94"},"modified":"2026-04-04T08:10:33","modified_gmt":"2026-04-04T08:10:33","slug":"cuisine","status":"publish","type":"page","link":"https:\/\/audinet-ebeniste.fr\/index.php\/cuisine\/","title":{"rendered":"CUISINE"},"content":{"rendered":"\n<h2 class=\"wp-block-heading has-text-align-center\">Cuisine en Yourte<\/h2>\n\n\n\n<figure class=\"wp-block-image size-large\"><img loading=\"lazy\" decoding=\"async\" width=\"1024\" height=\"768\" src=\"https:\/\/audinev.cluster121.hosting.ovh.net\/wp-content\/uploads\/2026\/03\/finish-21-1024x768.jpg\" alt=\"\" class=\"wp-image-84\" srcset=\"https:\/\/audinet-ebeniste.fr\/wp-content\/uploads\/2026\/03\/finish-21-1024x768.jpg 1024w, https:\/\/audinet-ebeniste.fr\/wp-content\/uploads\/2026\/03\/finish-21-300x225.jpg 300w, https:\/\/audinet-ebeniste.fr\/wp-content\/uploads\/2026\/03\/finish-21-768x576.jpg 768w, https:\/\/audinet-ebeniste.fr\/wp-content\/uploads\/2026\/03\/finish-21-1536x1152.jpg 1536w, https:\/\/audinet-ebeniste.fr\/wp-content\/uploads\/2026\/03\/finish-21-2048x1536.jpg 2048w\" sizes=\"auto, (max-width: 767px) 89vw, (max-width: 1000px) 54vw, (max-width: 1071px) 543px, 580px\" \/><\/figure>\n\n\n\n<h2 class=\"wp-block-heading has-text-align-center\">Cuisine en Ch\u00e2taignier<\/h2>\n\n\n<div class=\"wp-block-image\">\n<figure class=\"aligncenter size-large\"><a href=\"https:\/\/audinev.cluster121.hosting.ovh.net\/wp-content\/uploads\/2026\/03\/cuisine-XS-11-Copie.jpg\"><img loading=\"lazy\" decoding=\"async\" width=\"1024\" height=\"683\" src=\"https:\/\/audinev.cluster121.hosting.ovh.net\/wp-content\/uploads\/2026\/03\/cuisine-XS-11-Copie-1024x683.jpg\" alt=\"\" class=\"wp-image-124\" srcset=\"https:\/\/audinet-ebeniste.fr\/wp-content\/uploads\/2026\/03\/cuisine-XS-11-Copie-1024x683.jpg 1024w, https:\/\/audinet-ebeniste.fr\/wp-content\/uploads\/2026\/03\/cuisine-XS-11-Copie-300x200.jpg 300w, https:\/\/audinet-ebeniste.fr\/wp-content\/uploads\/2026\/03\/cuisine-XS-11-Copie-768x512.jpg 768w, https:\/\/audinet-ebeniste.fr\/wp-content\/uploads\/2026\/03\/cuisine-XS-11-Copie.jpg 1500w\" sizes=\"auto, (max-width: 767px) 89vw, (max-width: 1000px) 54vw, (max-width: 1071px) 543px, 580px\" \/><\/a><\/figure>\n<\/div>\n\n\n<h2 class=\"wp-block-heading has-text-align-center\">Cuisine en Fr\u00eane<\/h2>\n\n\n\n<figure class=\"wp-block-image size-large\"><a href=\"https:\/\/audinev.cluster121.hosting.ovh.net\/wp-content\/uploads\/2026\/03\/Cuisine-RF-1-Copie.jpg\"><img loading=\"lazy\" decoding=\"async\" width=\"1024\" height=\"683\" src=\"https:\/\/audinev.cluster121.hosting.ovh.net\/wp-content\/uploads\/2026\/03\/Cuisine-RF-1-Copie-1024x683.jpg\" alt=\"\" class=\"wp-image-128\" srcset=\"https:\/\/audinet-ebeniste.fr\/wp-content\/uploads\/2026\/03\/Cuisine-RF-1-Copie-1024x683.jpg 1024w, https:\/\/audinet-ebeniste.fr\/wp-content\/uploads\/2026\/03\/Cuisine-RF-1-Copie-300x200.jpg 300w, https:\/\/audinet-ebeniste.fr\/wp-content\/uploads\/2026\/03\/Cuisine-RF-1-Copie-768x512.jpg 768w, https:\/\/audinet-ebeniste.fr\/wp-content\/uploads\/2026\/03\/Cuisine-RF-1-Copie.jpg 1500w\" sizes=\"auto, (max-width: 767px) 89vw, (max-width: 1000px) 54vw, (max-width: 1071px) 543px, 580px\" \/><\/a><\/figure>\n\n\n\n<h2 class=\"wp-block-heading has-text-align-center\">Ilot central<\/h2>\n\n\n\n<figure class=\"wp-block-image size-large\"><a href=\"https:\/\/audinev.cluster121.hosting.ovh.net\/wp-content\/uploads\/2026\/03\/IMG_1037-Copie.jpg\"><img loading=\"lazy\" decoding=\"async\" width=\"1024\" height=\"682\" src=\"https:\/\/audinev.cluster121.hosting.ovh.net\/wp-content\/uploads\/2026\/03\/IMG_1037-Copie-1024x682.jpg\" alt=\"\" class=\"wp-image-130\" srcset=\"https:\/\/audinet-ebeniste.fr\/wp-content\/uploads\/2026\/03\/IMG_1037-Copie-1024x682.jpg 1024w, https:\/\/audinet-ebeniste.fr\/wp-content\/uploads\/2026\/03\/IMG_1037-Copie-300x200.jpg 300w, https:\/\/audinet-ebeniste.fr\/wp-content\/uploads\/2026\/03\/IMG_1037-Copie-768x512.jpg 768w, https:\/\/audinet-ebeniste.fr\/wp-content\/uploads\/2026\/03\/IMG_1037-Copie-1536x1024.jpg 1536w, https:\/\/audinet-ebeniste.fr\/wp-content\/uploads\/2026\/03\/IMG_1037-Copie.jpg 2000w\" sizes=\"auto, (max-width: 767px) 89vw, (max-width: 1000px) 54vw, (max-width: 1071px) 543px, 580px\" \/><\/a><\/figure>\n\n\n\n<figure class=\"wp-block-image size-large\"><a href=\"https:\/\/audinev.cluster121.hosting.ovh.net\/wp-content\/uploads\/2026\/03\/IMG_1042-Copie.jpg\"><img loading=\"lazy\" decoding=\"async\" width=\"1024\" height=\"682\" src=\"https:\/\/audinev.cluster121.hosting.ovh.net\/wp-content\/uploads\/2026\/03\/IMG_1042-Copie-1024x682.jpg\" alt=\"\" class=\"wp-image-131\" srcset=\"https:\/\/audinet-ebeniste.fr\/wp-content\/uploads\/2026\/03\/IMG_1042-Copie-1024x682.jpg 1024w, https:\/\/audinet-ebeniste.fr\/wp-content\/uploads\/2026\/03\/IMG_1042-Copie-300x200.jpg 300w, https:\/\/audinet-ebeniste.fr\/wp-content\/uploads\/2026\/03\/IMG_1042-Copie-768x512.jpg 768w, https:\/\/audinet-ebeniste.fr\/wp-content\/uploads\/2026\/03\/IMG_1042-Copie-1536x1024.jpg 1536w, https:\/\/audinet-ebeniste.fr\/wp-content\/uploads\/2026\/03\/IMG_1042-Copie.jpg 2000w\" sizes=\"auto, (max-width: 767px) 89vw, (max-width: 1000px) 54vw, (max-width: 1071px) 543px, 580px\" \/><\/a><\/figure>\n\n\n\n<h2 class=\"wp-block-heading has-text-align-center\">Cuisine de g\u00eete<\/h2>\n\n\n\n<figure class=\"wp-block-image size-large\"><a href=\"https:\/\/audinev.cluster121.hosting.ovh.net\/wp-content\/uploads\/2026\/04\/20260119_094741.jpg\"><img loading=\"lazy\" decoding=\"async\" width=\"1024\" height=\"575\" src=\"https:\/\/audinev.cluster121.hosting.ovh.net\/wp-content\/uploads\/2026\/04\/20260119_094741-1024x575.jpg\" alt=\"\" class=\"wp-image-278\" srcset=\"https:\/\/audinet-ebeniste.fr\/wp-content\/uploads\/2026\/04\/20260119_094741-1024x575.jpg 1024w, https:\/\/audinet-ebeniste.fr\/wp-content\/uploads\/2026\/04\/20260119_094741-300x169.jpg 300w, https:\/\/audinet-ebeniste.fr\/wp-content\/uploads\/2026\/04\/20260119_094741-768x432.jpg 768w, https:\/\/audinet-ebeniste.fr\/wp-content\/uploads\/2026\/04\/20260119_094741.jpg 1500w\" sizes=\"auto, (max-width: 767px) 89vw, (max-width: 1000px) 54vw, (max-width: 1071px) 543px, 580px\" \/><\/a><\/figure>\n\n\n\n<figure class=\"wp-block-image size-large\"><a href=\"https:\/\/audinev.cluster121.hosting.ovh.net\/wp-content\/uploads\/2026\/04\/20260119_094759.jpg\"><img loading=\"lazy\" decoding=\"async\" width=\"1024\" height=\"575\" src=\"https:\/\/audinev.cluster121.hosting.ovh.net\/wp-content\/uploads\/2026\/04\/20260119_094759-1024x575.jpg\" alt=\"\" class=\"wp-image-279\" srcset=\"https:\/\/audinet-ebeniste.fr\/wp-content\/uploads\/2026\/04\/20260119_094759-1024x575.jpg 1024w, https:\/\/audinet-ebeniste.fr\/wp-content\/uploads\/2026\/04\/20260119_094759-300x169.jpg 300w, https:\/\/audinet-ebeniste.fr\/wp-content\/uploads\/2026\/04\/20260119_094759-768x432.jpg 768w, https:\/\/audinet-ebeniste.fr\/wp-content\/uploads\/2026\/04\/20260119_094759.jpg 1500w\" sizes=\"auto, (max-width: 767px) 89vw, (max-width: 1000px) 54vw, (max-width: 1071px) 543px, 580px\" \/><\/a><\/figure>\n\n\n\n<h2 class=\"wp-block-heading has-text-align-center\">Les diff\u00e9rents types de fa\u00e7ades<\/h2>\n\n\n\n<figure class=\"wp-block-gallery has-nested-images columns-default is-cropped wp-block-gallery-1 is-layout-flex wp-block-gallery-is-layout-flex\">\n<figure class=\"wp-block-image size-large\"><a href=\"https:\/\/audinev.cluster121.hosting.ovh.net\/wp-content\/uploads\/2026\/04\/La-design-eco-1.jpg\"><img loading=\"lazy\" decoding=\"async\" width=\"1024\" height=\"683\" data-id=\"270\" src=\"https:\/\/audinev.cluster121.hosting.ovh.net\/wp-content\/uploads\/2026\/04\/La-design-eco-1-1024x683.jpg\" alt=\"\" class=\"wp-image-270\" srcset=\"https:\/\/audinet-ebeniste.fr\/wp-content\/uploads\/2026\/04\/La-design-eco-1-1024x683.jpg 1024w, https:\/\/audinet-ebeniste.fr\/wp-content\/uploads\/2026\/04\/La-design-eco-1-300x200.jpg 300w, https:\/\/audinet-ebeniste.fr\/wp-content\/uploads\/2026\/04\/La-design-eco-1-768x512.jpg 768w, https:\/\/audinet-ebeniste.fr\/wp-content\/uploads\/2026\/04\/La-design-eco-1.jpg 1200w\" sizes=\"auto, (max-width: 767px) 89vw, (max-width: 1000px) 54vw, (max-width: 1071px) 543px, 580px\" \/><\/a><figcaption class=\"wp-element-caption\">La Design Eco<\/figcaption><\/figure>\n\n\n\n<figure class=\"wp-block-image size-large\"><a href=\"https:\/\/audinev.cluster121.hosting.ovh.net\/wp-content\/uploads\/2026\/04\/LA-RUSTIQUE.jpg\"><img loading=\"lazy\" decoding=\"async\" width=\"1024\" height=\"683\" data-id=\"271\" src=\"https:\/\/audinev.cluster121.hosting.ovh.net\/wp-content\/uploads\/2026\/04\/LA-RUSTIQUE-1024x683.jpg\" alt=\"\" class=\"wp-image-271\" srcset=\"https:\/\/audinet-ebeniste.fr\/wp-content\/uploads\/2026\/04\/LA-RUSTIQUE-1024x683.jpg 1024w, https:\/\/audinet-ebeniste.fr\/wp-content\/uploads\/2026\/04\/LA-RUSTIQUE-300x200.jpg 300w, https:\/\/audinet-ebeniste.fr\/wp-content\/uploads\/2026\/04\/LA-RUSTIQUE-768x512.jpg 768w, https:\/\/audinet-ebeniste.fr\/wp-content\/uploads\/2026\/04\/LA-RUSTIQUE.jpg 1200w\" sizes=\"auto, (max-width: 767px) 89vw, (max-width: 1000px) 54vw, (max-width: 1071px) 543px, 580px\" \/><\/a><figcaption class=\"wp-element-caption\">La Rustique<\/figcaption><\/figure>\n\n\n\n<figure class=\"wp-block-image size-large\"><a href=\"https:\/\/audinev.cluster121.hosting.ovh.net\/wp-content\/uploads\/2026\/04\/IMG_3572-Copie.jpg\"><img loading=\"lazy\" decoding=\"async\" width=\"682\" height=\"1024\" data-id=\"273\" src=\"https:\/\/audinev.cluster121.hosting.ovh.net\/wp-content\/uploads\/2026\/04\/IMG_3572-Copie-682x1024.jpg\" alt=\"\" class=\"wp-image-273\" srcset=\"https:\/\/audinet-ebeniste.fr\/wp-content\/uploads\/2026\/04\/IMG_3572-Copie-682x1024.jpg 682w, https:\/\/audinet-ebeniste.fr\/wp-content\/uploads\/2026\/04\/IMG_3572-Copie-200x300.jpg 200w, https:\/\/audinet-ebeniste.fr\/wp-content\/uploads\/2026\/04\/IMG_3572-Copie-768x1152.jpg 768w, https:\/\/audinet-ebeniste.fr\/wp-content\/uploads\/2026\/04\/IMG_3572-Copie-1024x1536.jpg 1024w, https:\/\/audinet-ebeniste.fr\/wp-content\/uploads\/2026\/04\/IMG_3572-Copie.jpg 1333w\" sizes=\"auto, (max-width: 682px) 100vw, 682px\" \/><\/a><figcaption class=\"wp-element-caption\">La Pratique<\/figcaption><\/figure>\n\n\n\n<figure class=\"wp-block-image size-large\"><a href=\"https:\/\/audinev.cluster121.hosting.ovh.net\/wp-content\/uploads\/2026\/04\/LAUTHENTIQUE-1.jpg\"><img loading=\"lazy\" decoding=\"async\" width=\"1024\" height=\"683\" data-id=\"272\" src=\"https:\/\/audinev.cluster121.hosting.ovh.net\/wp-content\/uploads\/2026\/04\/LAUTHENTIQUE-1-1024x683.jpg\" alt=\"\" class=\"wp-image-272\" srcset=\"https:\/\/audinet-ebeniste.fr\/wp-content\/uploads\/2026\/04\/LAUTHENTIQUE-1-1024x683.jpg 1024w, https:\/\/audinet-ebeniste.fr\/wp-content\/uploads\/2026\/04\/LAUTHENTIQUE-1-300x200.jpg 300w, https:\/\/audinet-ebeniste.fr\/wp-content\/uploads\/2026\/04\/LAUTHENTIQUE-1-768x512.jpg 768w, https:\/\/audinet-ebeniste.fr\/wp-content\/uploads\/2026\/04\/LAUTHENTIQUE-1.jpg 1200w\" sizes=\"auto, (max-width: 767px) 89vw, (max-width: 1000px) 54vw, (max-width: 1071px) 543px, 580px\" \/><\/a><figcaption class=\"wp-element-caption\">L&rsquo;Authentique<\/figcaption><\/figure>\n<\/figure>\n\n\n\n<h2 class=\"wp-block-heading has-text-align-center\">Cuisine en ch\u00e2taigner huil\u00e9<\/h2>\n\n\n\n<figure class=\"wp-block-gallery has-nested-images columns-default is-cropped wp-block-gallery-2 is-layout-flex wp-block-gallery-is-layout-flex\">\n<figure class=\"wp-block-image size-large\"><img loading=\"lazy\" decoding=\"async\" width=\"1024\" height=\"683\" data-id=\"275\" src=\"https:\/\/audinev.cluster121.hosting.ovh.net\/wp-content\/uploads\/2026\/04\/IMG_2677-1024x683.jpg\" alt=\"\" class=\"wp-image-275\" srcset=\"https:\/\/audinet-ebeniste.fr\/wp-content\/uploads\/2026\/04\/IMG_2677-1024x683.jpg 1024w, https:\/\/audinet-ebeniste.fr\/wp-content\/uploads\/2026\/04\/IMG_2677-300x200.jpg 300w, https:\/\/audinet-ebeniste.fr\/wp-content\/uploads\/2026\/04\/IMG_2677-768x512.jpg 768w, https:\/\/audinet-ebeniste.fr\/wp-content\/uploads\/2026\/04\/IMG_2677-1536x1024.jpg 1536w, https:\/\/audinet-ebeniste.fr\/wp-content\/uploads\/2026\/04\/IMG_2677.jpg 1773w\" sizes=\"auto, (max-width: 767px) 89vw, (max-width: 1000px) 54vw, (max-width: 1071px) 543px, 580px\" \/><\/figure>\n\n\n\n<figure class=\"wp-block-image size-large\"><img loading=\"lazy\" decoding=\"async\" width=\"683\" height=\"1024\" data-id=\"276\" src=\"https:\/\/audinev.cluster121.hosting.ovh.net\/wp-content\/uploads\/2026\/04\/IMG_2674-683x1024.jpg\" alt=\"\" class=\"wp-image-276\" srcset=\"https:\/\/audinet-ebeniste.fr\/wp-content\/uploads\/2026\/04\/IMG_2674-683x1024.jpg 683w, https:\/\/audinet-ebeniste.fr\/wp-content\/uploads\/2026\/04\/IMG_2674-200x300.jpg 200w, https:\/\/audinet-ebeniste.fr\/wp-content\/uploads\/2026\/04\/IMG_2674-768x1152.jpg 768w, https:\/\/audinet-ebeniste.fr\/wp-content\/uploads\/2026\/04\/IMG_2674-1024x1536.jpg 1024w, https:\/\/audinet-ebeniste.fr\/wp-content\/uploads\/2026\/04\/IMG_2674.jpg 1182w\" sizes=\"auto, (max-width: 683px) 100vw, 683px\" \/><\/figure>\n\n\n\n<figure class=\"wp-block-image size-large\"><img loading=\"lazy\" decoding=\"async\" width=\"1024\" height=\"683\" data-id=\"277\" src=\"https:\/\/audinev.cluster121.hosting.ovh.net\/wp-content\/uploads\/2026\/04\/IMG_2675-1024x683.jpg\" alt=\"\" class=\"wp-image-277\" srcset=\"https:\/\/audinet-ebeniste.fr\/wp-content\/uploads\/2026\/04\/IMG_2675-1024x683.jpg 1024w, https:\/\/audinet-ebeniste.fr\/wp-content\/uploads\/2026\/04\/IMG_2675-300x200.jpg 300w, https:\/\/audinet-ebeniste.fr\/wp-content\/uploads\/2026\/04\/IMG_2675-768x512.jpg 768w, https:\/\/audinet-ebeniste.fr\/wp-content\/uploads\/2026\/04\/IMG_2675-1536x1024.jpg 1536w, https:\/\/audinet-ebeniste.fr\/wp-content\/uploads\/2026\/04\/IMG_2675.jpg 1773w\" sizes=\"auto, (max-width: 767px) 89vw, (max-width: 1000px) 54vw, (max-width: 1071px) 543px, 580px\" \/><\/figure>\n<\/figure>\n\n\n\n<h2 class=\"wp-block-heading has-text-align-center\">Plan de travail stratifi\u00e9<\/h2>\n\n\n\n<figure class=\"wp-block-image size-large\"><img loading=\"lazy\" decoding=\"async\" width=\"1024\" height=\"684\" src=\"https:\/\/audinev.cluster121.hosting.ovh.net\/wp-content\/uploads\/2026\/04\/P7080270-1024x684.jpg\" alt=\"\" class=\"wp-image-281\" srcset=\"https:\/\/audinet-ebeniste.fr\/wp-content\/uploads\/2026\/04\/P7080270-1024x684.jpg 1024w, https:\/\/audinet-ebeniste.fr\/wp-content\/uploads\/2026\/04\/P7080270-300x200.jpg 300w, https:\/\/audinet-ebeniste.fr\/wp-content\/uploads\/2026\/04\/P7080270-768x513.jpg 768w, https:\/\/audinet-ebeniste.fr\/wp-content\/uploads\/2026\/04\/P7080270.jpg 1500w\" sizes=\"auto, (max-width: 767px) 89vw, (max-width: 1000px) 54vw, (max-width: 1071px) 543px, 580px\" \/><\/figure>\n\n\n\n<h2 class=\"wp-block-heading has-text-align-center\">R\u00e9novation<\/h2>\n\n\n\n<figure class=\"wp-block-image size-large\"><a href=\"https:\/\/audinev.cluster121.hosting.ovh.net\/wp-content\/uploads\/2026\/04\/P5230412-Copie.jpg\"><img loading=\"lazy\" decoding=\"async\" width=\"1024\" height=\"683\" src=\"https:\/\/audinev.cluster121.hosting.ovh.net\/wp-content\/uploads\/2026\/04\/P5230412-Copie-1024x683.jpg\" alt=\"\" class=\"wp-image-282\" srcset=\"https:\/\/audinet-ebeniste.fr\/wp-content\/uploads\/2026\/04\/P5230412-Copie-1024x683.jpg 1024w, https:\/\/audinet-ebeniste.fr\/wp-content\/uploads\/2026\/04\/P5230412-Copie-300x200.jpg 300w, https:\/\/audinet-ebeniste.fr\/wp-content\/uploads\/2026\/04\/P5230412-Copie-768x512.jpg 768w, https:\/\/audinet-ebeniste.fr\/wp-content\/uploads\/2026\/04\/P5230412-Copie.jpg 1296w\" sizes=\"auto, (max-width: 767px) 89vw, (max-width: 1000px) 54vw, (max-width: 1071px) 543px, 580px\" \/><\/a><figcaption class=\"wp-element-caption\">AVANT<\/figcaption><\/figure>\n\n\n\n<figure class=\"wp-block-image size-large\"><a href=\"https:\/\/audinev.cluster121.hosting.ovh.net\/wp-content\/uploads\/2026\/04\/IMG_2854-Copie.jpg\"><img loading=\"lazy\" decoding=\"async\" width=\"1024\" height=\"683\" src=\"https:\/\/audinev.cluster121.hosting.ovh.net\/wp-content\/uploads\/2026\/04\/IMG_2854-Copie-1024x683.jpg\" alt=\"\" class=\"wp-image-284\" srcset=\"https:\/\/audinet-ebeniste.fr\/wp-content\/uploads\/2026\/04\/IMG_2854-Copie-1024x683.jpg 1024w, https:\/\/audinet-ebeniste.fr\/wp-content\/uploads\/2026\/04\/IMG_2854-Copie-300x200.jpg 300w, https:\/\/audinet-ebeniste.fr\/wp-content\/uploads\/2026\/04\/IMG_2854-Copie-768x512.jpg 768w, https:\/\/audinet-ebeniste.fr\/wp-content\/uploads\/2026\/04\/IMG_2854-Copie.jpg 1500w\" sizes=\"auto, (max-width: 767px) 89vw, (max-width: 1000px) 54vw, (max-width: 1071px) 543px, 580px\" \/><\/a><figcaption class=\"wp-element-caption\">APRES<\/figcaption><\/figure>\n\n\n\n<p><\/p>\n","protected":false},"excerpt":{"rendered":"<p>Cuisine en Yourte Cuisine en Ch\u00e2taignier Cuisine en Fr\u00eane Ilot central Cuisine de g\u00eete Les diff\u00e9rents types de fa\u00e7ades Cuisine en ch\u00e2taigner huil\u00e9 Plan de travail stratifi\u00e9 R\u00e9novation<\/p>\n","protected":false},"author":2,"featured_media":0,"parent":0,"menu_order":0,"comment_status":"closed","ping_status":"closed","template":"","meta":{"footnotes":""},"class_list":["post-94","page","type-page","status-publish","hentry"],"_links":{"self":[{"href":"https:\/\/audinet-ebeniste.fr\/index.php\/wp-json\/wp\/v2\/pages\/94","targetHints":{"allow":["GET"]}}],"collection":[{"href":"https:\/\/audinet-ebeniste.fr\/index.php\/wp-json\/wp\/v2\/pages"}],"about":[{"href":"https:\/\/audinet-ebeniste.fr\/index.php\/wp-json\/wp\/v2\/types\/page"}],"author":[{"embeddable":true,"href":"https:\/\/audinet-ebeniste.fr\/index.php\/wp-json\/wp\/v2\/users\/2"}],"replies":[{"embeddable":true,"href":"https:\/\/audinet-ebeniste.fr\/index.php\/wp-json\/wp\/v2\/comments?post=94"}],"version-history":[{"count":8,"href":"https:\/\/audinet-ebeniste.fr\/index.php\/wp-json\/wp\/v2\/pages\/94\/revisions"}],"predecessor-version":[{"id":285,"href":"https:\/\/audinet-ebeniste.fr\/index.php\/wp-json\/wp\/v2\/pages\/94\/revisions\/285"}],"wp:attachment":[{"href":"https:\/\/audinet-ebeniste.fr\/index.php\/wp-json\/wp\/v2\/media?parent=94"}],"curies":[{"name":"wp","href":"https:\/\/api.w.org\/{rel}","templated":true}]}}