{"id":98,"date":"2026-03-14T06:38:57","date_gmt":"2026-03-14T06:38:57","guid":{"rendered":"https:\/\/audinev.cluster121.hosting.ovh.net\/?page_id=98"},"modified":"2026-04-04T07:15:12","modified_gmt":"2026-04-04T07:15:12","slug":"gravure","status":"publish","type":"page","link":"https:\/\/audinet-ebeniste.fr\/index.php\/gravure\/","title":{"rendered":"GRAVURE"},"content":{"rendered":"\n<figure class=\"wp-block-image size-large\"><a href=\"https:\/\/audinev.cluster121.hosting.ovh.net\/wp-content\/uploads\/2026\/04\/IMG_0105-Copie.jpg\"><img loading=\"lazy\" decoding=\"async\" width=\"1024\" height=\"682\" src=\"https:\/\/audinev.cluster121.hosting.ovh.net\/wp-content\/uploads\/2026\/04\/IMG_0105-Copie-1024x682.jpg\" alt=\"\" class=\"wp-image-203\" srcset=\"https:\/\/audinet-ebeniste.fr\/wp-content\/uploads\/2026\/04\/IMG_0105-Copie-1024x682.jpg 1024w, https:\/\/audinet-ebeniste.fr\/wp-content\/uploads\/2026\/04\/IMG_0105-Copie-300x200.jpg 300w, https:\/\/audinet-ebeniste.fr\/wp-content\/uploads\/2026\/04\/IMG_0105-Copie-768x512.jpg 768w, https:\/\/audinet-ebeniste.fr\/wp-content\/uploads\/2026\/04\/IMG_0105-Copie-1536x1023.jpg 1536w, https:\/\/audinet-ebeniste.fr\/wp-content\/uploads\/2026\/04\/IMG_0105-Copie.jpg 1600w\" sizes=\"auto, (max-width: 767px) 89vw, (max-width: 1000px) 54vw, (max-width: 1071px) 543px, 580px\" \/><\/a><\/figure>\n\n\n\n<h2 class=\"wp-block-heading has-text-align-center\">Coffret en bois grav\u00e9<\/h2>\n\n\n\n<figure class=\"wp-block-image size-full\"><a href=\"https:\/\/audinev.cluster121.hosting.ovh.net\/wp-content\/uploads\/2026\/04\/coffret-les-3-sommets.jpg\"><img loading=\"lazy\" decoding=\"async\" width=\"800\" height=\"800\" src=\"https:\/\/audinev.cluster121.hosting.ovh.net\/wp-content\/uploads\/2026\/04\/coffret-les-3-sommets.jpg\" alt=\"\" class=\"wp-image-205\" srcset=\"https:\/\/audinet-ebeniste.fr\/wp-content\/uploads\/2026\/04\/coffret-les-3-sommets.jpg 800w, https:\/\/audinet-ebeniste.fr\/wp-content\/uploads\/2026\/04\/coffret-les-3-sommets-300x300.jpg 300w, https:\/\/audinet-ebeniste.fr\/wp-content\/uploads\/2026\/04\/coffret-les-3-sommets-150x150.jpg 150w, https:\/\/audinet-ebeniste.fr\/wp-content\/uploads\/2026\/04\/coffret-les-3-sommets-768x768.jpg 768w, https:\/\/audinet-ebeniste.fr\/wp-content\/uploads\/2026\/04\/coffret-les-3-sommets-100x100.jpg 100w\" sizes=\"auto, (max-width: 767px) 89vw, (max-width: 1000px) 54vw, (max-width: 1071px) 543px, 580px\" \/><\/a><\/figure>\n\n\n\n<h2 class=\"wp-block-heading has-text-align-center\">Plaque pr\u00e9nom personnalis\u00e9e<\/h2>\n\n\n\n<figure class=\"wp-block-image size-large\"><a href=\"https:\/\/audinev.cluster121.hosting.ovh.net\/wp-content\/uploads\/2026\/04\/IMG_0092-Copie.jpg\"><img loading=\"lazy\" decoding=\"async\" width=\"1024\" height=\"682\" src=\"https:\/\/audinev.cluster121.hosting.ovh.net\/wp-content\/uploads\/2026\/04\/IMG_0092-Copie-1024x682.jpg\" alt=\"\" class=\"wp-image-206\" srcset=\"https:\/\/audinet-ebeniste.fr\/wp-content\/uploads\/2026\/04\/IMG_0092-Copie-1024x682.jpg 1024w, https:\/\/audinet-ebeniste.fr\/wp-content\/uploads\/2026\/04\/IMG_0092-Copie-300x200.jpg 300w, https:\/\/audinet-ebeniste.fr\/wp-content\/uploads\/2026\/04\/IMG_0092-Copie-768x512.jpg 768w, https:\/\/audinet-ebeniste.fr\/wp-content\/uploads\/2026\/04\/IMG_0092-Copie-1536x1023.jpg 1536w, https:\/\/audinet-ebeniste.fr\/wp-content\/uploads\/2026\/04\/IMG_0092-Copie.jpg 1600w\" sizes=\"auto, (max-width: 767px) 89vw, (max-width: 1000px) 54vw, (max-width: 1071px) 543px, 580px\" \/><\/a><\/figure>\n\n\n\n<h2 class=\"wp-block-heading has-text-align-center\">Planche \u00e0 pizza pour la restauration<\/h2>\n\n\n\n<figure class=\"wp-block-image size-large\"><a href=\"https:\/\/audinev.cluster121.hosting.ovh.net\/wp-content\/uploads\/2026\/04\/2024.01.16-4-Copie.jpg\"><img loading=\"lazy\" decoding=\"async\" width=\"1024\" height=\"683\" src=\"https:\/\/audinev.cluster121.hosting.ovh.net\/wp-content\/uploads\/2026\/04\/2024.01.16-4-Copie-1024x683.jpg\" alt=\"\" class=\"wp-image-207\" srcset=\"https:\/\/audinet-ebeniste.fr\/wp-content\/uploads\/2026\/04\/2024.01.16-4-Copie-1024x683.jpg 1024w, https:\/\/audinet-ebeniste.fr\/wp-content\/uploads\/2026\/04\/2024.01.16-4-Copie-300x200.jpg 300w, https:\/\/audinet-ebeniste.fr\/wp-content\/uploads\/2026\/04\/2024.01.16-4-Copie-768x512.jpg 768w, https:\/\/audinet-ebeniste.fr\/wp-content\/uploads\/2026\/04\/2024.01.16-4-Copie.jpg 1200w\" sizes=\"auto, (max-width: 767px) 89vw, (max-width: 1000px) 54vw, (max-width: 1071px) 543px, 580px\" \/><\/a><\/figure>\n\n\n\n<h2 class=\"wp-block-heading has-text-align-center\">Panneaux de pr\u00e9sentation stand et march\u00e9<\/h2>\n\n\n\n<figure class=\"wp-block-image size-large\"><img loading=\"lazy\" decoding=\"async\" width=\"1024\" height=\"492\" src=\"https:\/\/audinev.cluster121.hosting.ovh.net\/wp-content\/uploads\/2026\/04\/20240516_105325-1024x492.jpg\" alt=\"\" class=\"wp-image-208\" srcset=\"https:\/\/audinet-ebeniste.fr\/wp-content\/uploads\/2026\/04\/20240516_105325-1024x492.jpg 1024w, https:\/\/audinet-ebeniste.fr\/wp-content\/uploads\/2026\/04\/20240516_105325-300x144.jpg 300w, https:\/\/audinet-ebeniste.fr\/wp-content\/uploads\/2026\/04\/20240516_105325-768x369.jpg 768w, https:\/\/audinet-ebeniste.fr\/wp-content\/uploads\/2026\/04\/20240516_105325.jpg 1500w\" sizes=\"auto, (max-width: 767px) 89vw, (max-width: 1000px) 54vw, (max-width: 1071px) 543px, 580px\" \/><\/figure>\n\n\n\n<h2 class=\"wp-block-heading has-text-align-center\">Planches cadeaux personnalis\u00e9es<\/h2>\n\n\n\n<figure class=\"wp-block-image size-large\"><img loading=\"lazy\" decoding=\"async\" width=\"635\" height=\"1024\" src=\"https:\/\/audinev.cluster121.hosting.ovh.net\/wp-content\/uploads\/2026\/04\/20240626_162753-635x1024.jpg\" alt=\"\" class=\"wp-image-209\" srcset=\"https:\/\/audinet-ebeniste.fr\/wp-content\/uploads\/2026\/04\/20240626_162753-635x1024.jpg 635w, https:\/\/audinet-ebeniste.fr\/wp-content\/uploads\/2026\/04\/20240626_162753-186x300.jpg 186w, https:\/\/audinet-ebeniste.fr\/wp-content\/uploads\/2026\/04\/20240626_162753-768x1239.jpg 768w, https:\/\/audinet-ebeniste.fr\/wp-content\/uploads\/2026\/04\/20240626_162753-952x1536.jpg 952w, https:\/\/audinet-ebeniste.fr\/wp-content\/uploads\/2026\/04\/20240626_162753-1270x2048.jpg 1270w, https:\/\/audinet-ebeniste.fr\/wp-content\/uploads\/2026\/04\/20240626_162753-scaled.jpg 1587w\" sizes=\"auto, (max-width: 635px) 100vw, 635px\" \/><\/figure>\n\n\n\n<figure class=\"wp-block-image size-large\"><a href=\"https:\/\/audinev.cluster121.hosting.ovh.net\/wp-content\/uploads\/2026\/04\/IMG_0159-Copie-1024x682.jpg\"><img loading=\"lazy\" decoding=\"async\" width=\"1024\" height=\"682\" src=\"https:\/\/audinev.cluster121.hosting.ovh.net\/wp-content\/uploads\/2026\/04\/IMG_0159-Copie-1024x682.jpg\" alt=\"\" class=\"wp-image-210\" srcset=\"https:\/\/audinet-ebeniste.fr\/wp-content\/uploads\/2026\/04\/IMG_0159-Copie-1024x682.jpg 1024w, https:\/\/audinet-ebeniste.fr\/wp-content\/uploads\/2026\/04\/IMG_0159-Copie-300x200.jpg 300w, https:\/\/audinet-ebeniste.fr\/wp-content\/uploads\/2026\/04\/IMG_0159-Copie-768x512.jpg 768w, https:\/\/audinet-ebeniste.fr\/wp-content\/uploads\/2026\/04\/IMG_0159-Copie-1536x1023.jpg 1536w, https:\/\/audinet-ebeniste.fr\/wp-content\/uploads\/2026\/04\/IMG_0159-Copie.jpg 1600w\" sizes=\"auto, (max-width: 767px) 89vw, (max-width: 1000px) 54vw, (max-width: 1071px) 543px, 580px\" \/><\/a><\/figure>\n\n\n\n<figure class=\"wp-block-image size-large\"><a href=\"https:\/\/audinev.cluster121.hosting.ovh.net\/wp-content\/uploads\/2026\/04\/IMG_0154-Copie.jpg\"><img loading=\"lazy\" decoding=\"async\" width=\"1024\" height=\"682\" src=\"https:\/\/audinev.cluster121.hosting.ovh.net\/wp-content\/uploads\/2026\/04\/IMG_0154-Copie-1024x682.jpg\" alt=\"\" class=\"wp-image-211\" srcset=\"https:\/\/audinet-ebeniste.fr\/wp-content\/uploads\/2026\/04\/IMG_0154-Copie-1024x682.jpg 1024w, https:\/\/audinet-ebeniste.fr\/wp-content\/uploads\/2026\/04\/IMG_0154-Copie-300x200.jpg 300w, https:\/\/audinet-ebeniste.fr\/wp-content\/uploads\/2026\/04\/IMG_0154-Copie-768x512.jpg 768w, https:\/\/audinet-ebeniste.fr\/wp-content\/uploads\/2026\/04\/IMG_0154-Copie-1536x1023.jpg 1536w, https:\/\/audinet-ebeniste.fr\/wp-content\/uploads\/2026\/04\/IMG_0154-Copie.jpg 1600w\" sizes=\"auto, (max-width: 767px) 89vw, (max-width: 1000px) 54vw, (max-width: 1071px) 543px, 580px\" \/><\/a><\/figure>\n\n\n\n<h2 class=\"wp-block-heading has-text-align-center\">Textes, Chansons, Discours, Po\u00e8mes<\/h2>\n\n\n\n<figure class=\"wp-block-gallery has-nested-images columns-default is-cropped wp-block-gallery-1 is-layout-flex wp-block-gallery-is-layout-flex\">\n<figure class=\"wp-block-image size-large\"><img loading=\"lazy\" decoding=\"async\" width=\"1024\" height=\"682\" data-id=\"212\" src=\"https:\/\/audinev.cluster121.hosting.ovh.net\/wp-content\/uploads\/2026\/04\/IMG_0186-Copie-1024x682.jpg\" alt=\"\" class=\"wp-image-212\" srcset=\"https:\/\/audinet-ebeniste.fr\/wp-content\/uploads\/2026\/04\/IMG_0186-Copie-1024x682.jpg 1024w, https:\/\/audinet-ebeniste.fr\/wp-content\/uploads\/2026\/04\/IMG_0186-Copie-300x200.jpg 300w, https:\/\/audinet-ebeniste.fr\/wp-content\/uploads\/2026\/04\/IMG_0186-Copie-768x512.jpg 768w, https:\/\/audinet-ebeniste.fr\/wp-content\/uploads\/2026\/04\/IMG_0186-Copie-1536x1023.jpg 1536w, https:\/\/audinet-ebeniste.fr\/wp-content\/uploads\/2026\/04\/IMG_0186-Copie.jpg 1600w\" sizes=\"auto, (max-width: 767px) 89vw, (max-width: 1000px) 54vw, (max-width: 1071px) 543px, 580px\" \/><\/figure>\n\n\n\n<figure class=\"wp-block-image size-large\"><img loading=\"lazy\" decoding=\"async\" width=\"682\" height=\"1024\" data-id=\"214\" src=\"https:\/\/audinev.cluster121.hosting.ovh.net\/wp-content\/uploads\/2026\/04\/IMG_0188-Copie-682x1024.jpg\" alt=\"\" class=\"wp-image-214\" srcset=\"https:\/\/audinet-ebeniste.fr\/wp-content\/uploads\/2026\/04\/IMG_0188-Copie-682x1024.jpg 682w, https:\/\/audinet-ebeniste.fr\/wp-content\/uploads\/2026\/04\/IMG_0188-Copie-200x300.jpg 200w, https:\/\/audinet-ebeniste.fr\/wp-content\/uploads\/2026\/04\/IMG_0188-Copie-768x1153.jpg 768w, https:\/\/audinet-ebeniste.fr\/wp-content\/uploads\/2026\/04\/IMG_0188-Copie-1023x1536.jpg 1023w, https:\/\/audinet-ebeniste.fr\/wp-content\/uploads\/2026\/04\/IMG_0188-Copie.jpg 1066w\" sizes=\"auto, (max-width: 682px) 100vw, 682px\" \/><\/figure>\n\n\n\n<figure class=\"wp-block-image size-large\"><img loading=\"lazy\" decoding=\"async\" width=\"682\" height=\"1024\" data-id=\"215\" src=\"https:\/\/audinev.cluster121.hosting.ovh.net\/wp-content\/uploads\/2026\/04\/IMG_0181-Copie-682x1024.jpg\" alt=\"\" class=\"wp-image-215\" srcset=\"https:\/\/audinet-ebeniste.fr\/wp-content\/uploads\/2026\/04\/IMG_0181-Copie-682x1024.jpg 682w, https:\/\/audinet-ebeniste.fr\/wp-content\/uploads\/2026\/04\/IMG_0181-Copie-200x300.jpg 200w, https:\/\/audinet-ebeniste.fr\/wp-content\/uploads\/2026\/04\/IMG_0181-Copie-768x1153.jpg 768w, https:\/\/audinet-ebeniste.fr\/wp-content\/uploads\/2026\/04\/IMG_0181-Copie-1023x1536.jpg 1023w, https:\/\/audinet-ebeniste.fr\/wp-content\/uploads\/2026\/04\/IMG_0181-Copie.jpg 1066w\" sizes=\"auto, (max-width: 682px) 100vw, 682px\" \/><\/figure>\n\n\n\n<figure class=\"wp-block-image size-large\"><img loading=\"lazy\" decoding=\"async\" width=\"682\" height=\"1024\" data-id=\"213\" src=\"https:\/\/audinev.cluster121.hosting.ovh.net\/wp-content\/uploads\/2026\/04\/IMG_0182-Copie-682x1024.jpg\" alt=\"\" class=\"wp-image-213\" srcset=\"https:\/\/audinet-ebeniste.fr\/wp-content\/uploads\/2026\/04\/IMG_0182-Copie-682x1024.jpg 682w, https:\/\/audinet-ebeniste.fr\/wp-content\/uploads\/2026\/04\/IMG_0182-Copie-200x300.jpg 200w, https:\/\/audinet-ebeniste.fr\/wp-content\/uploads\/2026\/04\/IMG_0182-Copie-768x1153.jpg 768w, https:\/\/audinet-ebeniste.fr\/wp-content\/uploads\/2026\/04\/IMG_0182-Copie-1023x1536.jpg 1023w, https:\/\/audinet-ebeniste.fr\/wp-content\/uploads\/2026\/04\/IMG_0182-Copie.jpg 1066w\" sizes=\"auto, (max-width: 682px) 100vw, 682px\" \/><\/figure>\n<\/figure>\n\n\n\n<h2 class=\"wp-block-heading has-text-align-center\">Logo<\/h2>\n\n\n\n<figure class=\"wp-block-image size-large\"><a href=\"https:\/\/audinev.cluster121.hosting.ovh.net\/wp-content\/uploads\/2026\/04\/IMG_0174-Copie.jpg\"><img loading=\"lazy\" decoding=\"async\" width=\"1024\" height=\"682\" src=\"https:\/\/audinev.cluster121.hosting.ovh.net\/wp-content\/uploads\/2026\/04\/IMG_0174-Copie-1024x682.jpg\" alt=\"\" class=\"wp-image-216\" srcset=\"https:\/\/audinet-ebeniste.fr\/wp-content\/uploads\/2026\/04\/IMG_0174-Copie-1024x682.jpg 1024w, https:\/\/audinet-ebeniste.fr\/wp-content\/uploads\/2026\/04\/IMG_0174-Copie-300x200.jpg 300w, https:\/\/audinet-ebeniste.fr\/wp-content\/uploads\/2026\/04\/IMG_0174-Copie-768x512.jpg 768w, https:\/\/audinet-ebeniste.fr\/wp-content\/uploads\/2026\/04\/IMG_0174-Copie-1536x1023.jpg 1536w, https:\/\/audinet-ebeniste.fr\/wp-content\/uploads\/2026\/04\/IMG_0174-Copie.jpg 1600w\" sizes=\"auto, (max-width: 767px) 89vw, (max-width: 1000px) 54vw, (max-width: 1071px) 543px, 580px\" \/><\/a><\/figure>\n\n\n\n<h2 class=\"wp-block-heading has-text-align-center\">Calendrier<\/h2>\n\n\n\n<figure class=\"wp-block-image size-large\"><a href=\"https:\/\/audinev.cluster121.hosting.ovh.net\/wp-content\/uploads\/2026\/04\/IMG_0124-Copie.jpg\"><img loading=\"lazy\" decoding=\"async\" width=\"1024\" height=\"682\" src=\"https:\/\/audinev.cluster121.hosting.ovh.net\/wp-content\/uploads\/2026\/04\/IMG_0124-Copie-1024x682.jpg\" alt=\"\" class=\"wp-image-217\" srcset=\"https:\/\/audinet-ebeniste.fr\/wp-content\/uploads\/2026\/04\/IMG_0124-Copie-1024x682.jpg 1024w, https:\/\/audinet-ebeniste.fr\/wp-content\/uploads\/2026\/04\/IMG_0124-Copie-300x200.jpg 300w, https:\/\/audinet-ebeniste.fr\/wp-content\/uploads\/2026\/04\/IMG_0124-Copie-768x512.jpg 768w, https:\/\/audinet-ebeniste.fr\/wp-content\/uploads\/2026\/04\/IMG_0124-Copie-1536x1023.jpg 1536w, https:\/\/audinet-ebeniste.fr\/wp-content\/uploads\/2026\/04\/IMG_0124-Copie.jpg 1600w\" sizes=\"auto, (max-width: 767px) 89vw, (max-width: 1000px) 54vw, (max-width: 1071px) 543px, 580px\" \/><\/a><\/figure>\n","protected":false},"excerpt":{"rendered":"<p>Coffret en bois grav\u00e9 Plaque pr\u00e9nom personnalis\u00e9e Planche \u00e0 pizza pour la restauration Panneaux de pr\u00e9sentation stand et march\u00e9 Planches cadeaux personnalis\u00e9es Textes, Chansons, Discours, Po\u00e8mes Logo Calendrier<\/p>\n","protected":false},"author":2,"featured_media":0,"parent":0,"menu_order":0,"comment_status":"closed","ping_status":"closed","template":"","meta":{"footnotes":""},"class_list":["post-98","page","type-page","status-publish","hentry"],"_links":{"self":[{"href":"https:\/\/audinet-ebeniste.fr\/index.php\/wp-json\/wp\/v2\/pages\/98","targetHints":{"allow":["GET"]}}],"collection":[{"href":"https:\/\/audinet-ebeniste.fr\/index.php\/wp-json\/wp\/v2\/pages"}],"about":[{"href":"https:\/\/audinet-ebeniste.fr\/index.php\/wp-json\/wp\/v2\/types\/page"}],"author":[{"embeddable":true,"href":"https:\/\/audinet-ebeniste.fr\/index.php\/wp-json\/wp\/v2\/users\/2"}],"replies":[{"embeddable":true,"href":"https:\/\/audinet-ebeniste.fr\/index.php\/wp-json\/wp\/v2\/comments?post=98"}],"version-history":[{"count":3,"href":"https:\/\/audinet-ebeniste.fr\/index.php\/wp-json\/wp\/v2\/pages\/98\/revisions"}],"predecessor-version":[{"id":218,"href":"https:\/\/audinet-ebeniste.fr\/index.php\/wp-json\/wp\/v2\/pages\/98\/revisions\/218"}],"wp:attachment":[{"href":"https:\/\/audinet-ebeniste.fr\/index.php\/wp-json\/wp\/v2\/media?parent=98"}],"curies":[{"name":"wp","href":"https:\/\/api.w.org\/{rel}","templated":true}]}}