{"id":99,"date":"2026-03-14T06:38:57","date_gmt":"2026-03-14T06:38:57","guid":{"rendered":"https:\/\/audinev.cluster121.hosting.ovh.net\/?page_id=99"},"modified":"2026-04-04T07:44:47","modified_gmt":"2026-04-04T07:44:47","slug":"ruche","status":"publish","type":"page","link":"https:\/\/audinet-ebeniste.fr\/index.php\/ruche\/","title":{"rendered":"RUCHE"},"content":{"rendered":"\n<h2 class=\"wp-block-heading has-text-align-center\">Ruche en Ch\u00e2taignier massif<\/h2>\n\n\n\n<figure class=\"wp-block-image size-large\"><a href=\"https:\/\/audinev.cluster121.hosting.ovh.net\/wp-content\/uploads\/2026\/04\/IMG_0495-Copie.jpg\"><img loading=\"lazy\" decoding=\"async\" width=\"1024\" height=\"682\" src=\"https:\/\/audinev.cluster121.hosting.ovh.net\/wp-content\/uploads\/2026\/04\/IMG_0495-Copie-1024x682.jpg\" alt=\"\" class=\"wp-image-245\" srcset=\"https:\/\/audinet-ebeniste.fr\/wp-content\/uploads\/2026\/04\/IMG_0495-Copie-1024x682.jpg 1024w, https:\/\/audinet-ebeniste.fr\/wp-content\/uploads\/2026\/04\/IMG_0495-Copie-300x200.jpg 300w, https:\/\/audinet-ebeniste.fr\/wp-content\/uploads\/2026\/04\/IMG_0495-Copie-768x511.jpg 768w, https:\/\/audinet-ebeniste.fr\/wp-content\/uploads\/2026\/04\/IMG_0495-Copie.jpg 1500w\" sizes=\"auto, (max-width: 767px) 89vw, (max-width: 1000px) 54vw, (max-width: 1071px) 543px, 580px\" \/><\/a><\/figure>\n\n\n\n<figure class=\"wp-block-image size-large\"><a href=\"https:\/\/audinev.cluster121.hosting.ovh.net\/wp-content\/uploads\/2026\/04\/IMG_0497redim.jpg\"><img loading=\"lazy\" decoding=\"async\" width=\"1024\" height=\"682\" src=\"https:\/\/audinev.cluster121.hosting.ovh.net\/wp-content\/uploads\/2026\/04\/IMG_0497redim-1024x682.jpg\" alt=\"\" class=\"wp-image-246\" srcset=\"https:\/\/audinet-ebeniste.fr\/wp-content\/uploads\/2026\/04\/IMG_0497redim-1024x682.jpg 1024w, https:\/\/audinet-ebeniste.fr\/wp-content\/uploads\/2026\/04\/IMG_0497redim-300x200.jpg 300w, https:\/\/audinet-ebeniste.fr\/wp-content\/uploads\/2026\/04\/IMG_0497redim-768x512.jpg 768w, https:\/\/audinet-ebeniste.fr\/wp-content\/uploads\/2026\/04\/IMG_0497redim-1536x1024.jpg 1536w, https:\/\/audinet-ebeniste.fr\/wp-content\/uploads\/2026\/04\/IMG_0497redim-2048x1365.jpg 2048w\" sizes=\"auto, (max-width: 767px) 89vw, (max-width: 1000px) 54vw, (max-width: 1071px) 543px, 580px\" \/><\/a><\/figure>\n\n\n\n<figure class=\"wp-block-gallery has-nested-images columns-default is-cropped wp-block-gallery-1 is-layout-flex wp-block-gallery-is-layout-flex\">\n<figure class=\"wp-block-image size-large\"><a href=\"https:\/\/audinev.cluster121.hosting.ovh.net\/wp-content\/uploads\/2026\/04\/IMG_0510redim.jpg\"><img loading=\"lazy\" decoding=\"async\" width=\"1024\" height=\"682\" data-id=\"254\" src=\"https:\/\/audinev.cluster121.hosting.ovh.net\/wp-content\/uploads\/2026\/04\/IMG_0510redim-1024x682.jpg\" alt=\"\" class=\"wp-image-254\" srcset=\"https:\/\/audinet-ebeniste.fr\/wp-content\/uploads\/2026\/04\/IMG_0510redim-1024x682.jpg 1024w, https:\/\/audinet-ebeniste.fr\/wp-content\/uploads\/2026\/04\/IMG_0510redim-300x200.jpg 300w, https:\/\/audinet-ebeniste.fr\/wp-content\/uploads\/2026\/04\/IMG_0510redim-768x512.jpg 768w, https:\/\/audinet-ebeniste.fr\/wp-content\/uploads\/2026\/04\/IMG_0510redim-1536x1024.jpg 1536w, https:\/\/audinet-ebeniste.fr\/wp-content\/uploads\/2026\/04\/IMG_0510redim-2048x1365.jpg 2048w\" sizes=\"auto, (max-width: 767px) 89vw, (max-width: 1000px) 54vw, (max-width: 1071px) 543px, 580px\" \/><\/a><\/figure>\n\n\n\n<figure class=\"wp-block-image size-large\"><a href=\"https:\/\/audinev.cluster121.hosting.ovh.net\/wp-content\/uploads\/2026\/04\/IMG_0512redim.jpg\"><img loading=\"lazy\" decoding=\"async\" width=\"1024\" height=\"682\" data-id=\"255\" src=\"https:\/\/audinev.cluster121.hosting.ovh.net\/wp-content\/uploads\/2026\/04\/IMG_0512redim-1024x682.jpg\" alt=\"\" class=\"wp-image-255\" srcset=\"https:\/\/audinet-ebeniste.fr\/wp-content\/uploads\/2026\/04\/IMG_0512redim-1024x682.jpg 1024w, https:\/\/audinet-ebeniste.fr\/wp-content\/uploads\/2026\/04\/IMG_0512redim-300x200.jpg 300w, https:\/\/audinet-ebeniste.fr\/wp-content\/uploads\/2026\/04\/IMG_0512redim-768x512.jpg 768w, https:\/\/audinet-ebeniste.fr\/wp-content\/uploads\/2026\/04\/IMG_0512redim-1536x1024.jpg 1536w, https:\/\/audinet-ebeniste.fr\/wp-content\/uploads\/2026\/04\/IMG_0512redim-2048x1365.jpg 2048w\" sizes=\"auto, (max-width: 767px) 89vw, (max-width: 1000px) 54vw, (max-width: 1071px) 543px, 580px\" \/><\/a><\/figure>\n\n\n\n<figure class=\"wp-block-image size-large\"><a href=\"https:\/\/audinev.cluster121.hosting.ovh.net\/wp-content\/uploads\/2026\/04\/IMG_0506redim.jpg\"><img loading=\"lazy\" decoding=\"async\" width=\"1024\" height=\"682\" data-id=\"256\" src=\"https:\/\/audinev.cluster121.hosting.ovh.net\/wp-content\/uploads\/2026\/04\/IMG_0506redim-1024x682.jpg\" alt=\"\" class=\"wp-image-256\" srcset=\"https:\/\/audinet-ebeniste.fr\/wp-content\/uploads\/2026\/04\/IMG_0506redim-1024x682.jpg 1024w, https:\/\/audinet-ebeniste.fr\/wp-content\/uploads\/2026\/04\/IMG_0506redim-300x200.jpg 300w, https:\/\/audinet-ebeniste.fr\/wp-content\/uploads\/2026\/04\/IMG_0506redim-768x512.jpg 768w, https:\/\/audinet-ebeniste.fr\/wp-content\/uploads\/2026\/04\/IMG_0506redim-1536x1024.jpg 1536w, https:\/\/audinet-ebeniste.fr\/wp-content\/uploads\/2026\/04\/IMG_0506redim-2048x1365.jpg 2048w\" sizes=\"auto, (max-width: 767px) 89vw, (max-width: 1000px) 54vw, (max-width: 1071px) 543px, 580px\" \/><\/a><\/figure>\n\n\n\n<figure class=\"wp-block-image size-large\"><a href=\"https:\/\/audinev.cluster121.hosting.ovh.net\/wp-content\/uploads\/2026\/04\/IMG_0507redim.jpg\"><img loading=\"lazy\" decoding=\"async\" width=\"1024\" height=\"682\" data-id=\"257\" src=\"https:\/\/audinev.cluster121.hosting.ovh.net\/wp-content\/uploads\/2026\/04\/IMG_0507redim-1024x682.jpg\" alt=\"\" class=\"wp-image-257\" srcset=\"https:\/\/audinet-ebeniste.fr\/wp-content\/uploads\/2026\/04\/IMG_0507redim-1024x682.jpg 1024w, https:\/\/audinet-ebeniste.fr\/wp-content\/uploads\/2026\/04\/IMG_0507redim-300x200.jpg 300w, https:\/\/audinet-ebeniste.fr\/wp-content\/uploads\/2026\/04\/IMG_0507redim-768x512.jpg 768w, https:\/\/audinet-ebeniste.fr\/wp-content\/uploads\/2026\/04\/IMG_0507redim-1536x1024.jpg 1536w, https:\/\/audinet-ebeniste.fr\/wp-content\/uploads\/2026\/04\/IMG_0507redim-2048x1365.jpg 2048w\" sizes=\"auto, (max-width: 767px) 89vw, (max-width: 1000px) 54vw, (max-width: 1071px) 543px, 580px\" \/><\/a><\/figure>\n\n\n\n<figure class=\"wp-block-image size-large\"><a href=\"https:\/\/audinev.cluster121.hosting.ovh.net\/wp-content\/uploads\/2026\/04\/IMG_0509redim.jpg\"><img loading=\"lazy\" decoding=\"async\" width=\"1024\" height=\"682\" data-id=\"253\" src=\"https:\/\/audinev.cluster121.hosting.ovh.net\/wp-content\/uploads\/2026\/04\/IMG_0509redim-1024x682.jpg\" alt=\"\" class=\"wp-image-253\" srcset=\"https:\/\/audinet-ebeniste.fr\/wp-content\/uploads\/2026\/04\/IMG_0509redim-1024x682.jpg 1024w, https:\/\/audinet-ebeniste.fr\/wp-content\/uploads\/2026\/04\/IMG_0509redim-300x200.jpg 300w, https:\/\/audinet-ebeniste.fr\/wp-content\/uploads\/2026\/04\/IMG_0509redim-768x512.jpg 768w, https:\/\/audinet-ebeniste.fr\/wp-content\/uploads\/2026\/04\/IMG_0509redim-1536x1024.jpg 1536w, https:\/\/audinet-ebeniste.fr\/wp-content\/uploads\/2026\/04\/IMG_0509redim-2048x1365.jpg 2048w\" sizes=\"auto, (max-width: 767px) 89vw, (max-width: 1000px) 54vw, (max-width: 1071px) 543px, 580px\" \/><\/a><\/figure>\n<\/figure>\n\n\n\n<h2 class=\"wp-block-heading has-text-align-center\">Ruche Dadant 12 cadres en ch\u00e2taignier<\/h2>\n\n\n\n<figure class=\"wp-block-image size-large\"><img loading=\"lazy\" decoding=\"async\" width=\"1024\" height=\"682\" src=\"https:\/\/audinev.cluster121.hosting.ovh.net\/wp-content\/uploads\/2026\/04\/2021.03.03-dadant-12-3-Copie-1024x682.jpg\" alt=\"\" class=\"wp-image-247\" srcset=\"https:\/\/audinet-ebeniste.fr\/wp-content\/uploads\/2026\/04\/2021.03.03-dadant-12-3-Copie-1024x682.jpg 1024w, https:\/\/audinet-ebeniste.fr\/wp-content\/uploads\/2026\/04\/2021.03.03-dadant-12-3-Copie-300x200.jpg 300w, https:\/\/audinet-ebeniste.fr\/wp-content\/uploads\/2026\/04\/2021.03.03-dadant-12-3-Copie-768x512.jpg 768w, https:\/\/audinet-ebeniste.fr\/wp-content\/uploads\/2026\/04\/2021.03.03-dadant-12-3-Copie-1536x1024.jpg 1536w, https:\/\/audinet-ebeniste.fr\/wp-content\/uploads\/2026\/04\/2021.03.03-dadant-12-3-Copie.jpg 2000w\" sizes=\"auto, (max-width: 767px) 89vw, (max-width: 1000px) 54vw, (max-width: 1071px) 543px, 580px\" \/><\/figure>\n\n\n\n<figure class=\"wp-block-gallery has-nested-images columns-default is-cropped wp-block-gallery-2 is-layout-flex wp-block-gallery-is-layout-flex\">\n<figure class=\"wp-block-image size-large\"><a href=\"https:\/\/audinev.cluster121.hosting.ovh.net\/wp-content\/uploads\/2026\/04\/2021.03.03-dadant-12-11-Copie.jpg\"><img loading=\"lazy\" decoding=\"async\" width=\"1024\" height=\"682\" data-id=\"248\" src=\"https:\/\/audinev.cluster121.hosting.ovh.net\/wp-content\/uploads\/2026\/04\/2021.03.03-dadant-12-11-Copie-1024x682.jpg\" alt=\"\" class=\"wp-image-248\" srcset=\"https:\/\/audinet-ebeniste.fr\/wp-content\/uploads\/2026\/04\/2021.03.03-dadant-12-11-Copie-1024x682.jpg 1024w, https:\/\/audinet-ebeniste.fr\/wp-content\/uploads\/2026\/04\/2021.03.03-dadant-12-11-Copie-300x200.jpg 300w, https:\/\/audinet-ebeniste.fr\/wp-content\/uploads\/2026\/04\/2021.03.03-dadant-12-11-Copie-768x512.jpg 768w, https:\/\/audinet-ebeniste.fr\/wp-content\/uploads\/2026\/04\/2021.03.03-dadant-12-11-Copie-1536x1024.jpg 1536w, https:\/\/audinet-ebeniste.fr\/wp-content\/uploads\/2026\/04\/2021.03.03-dadant-12-11-Copie.jpg 2000w\" sizes=\"auto, (max-width: 767px) 89vw, (max-width: 1000px) 54vw, (max-width: 1071px) 543px, 580px\" \/><\/a><\/figure>\n\n\n\n<figure class=\"wp-block-image size-large\"><a href=\"https:\/\/audinev.cluster121.hosting.ovh.net\/wp-content\/uploads\/2026\/04\/2021.03.03-dadant-12-7-Copie.jpg\"><img loading=\"lazy\" decoding=\"async\" width=\"1024\" height=\"682\" data-id=\"251\" src=\"https:\/\/audinev.cluster121.hosting.ovh.net\/wp-content\/uploads\/2026\/04\/2021.03.03-dadant-12-7-Copie-1024x682.jpg\" alt=\"\" class=\"wp-image-251\" srcset=\"https:\/\/audinet-ebeniste.fr\/wp-content\/uploads\/2026\/04\/2021.03.03-dadant-12-7-Copie-1024x682.jpg 1024w, https:\/\/audinet-ebeniste.fr\/wp-content\/uploads\/2026\/04\/2021.03.03-dadant-12-7-Copie-300x200.jpg 300w, https:\/\/audinet-ebeniste.fr\/wp-content\/uploads\/2026\/04\/2021.03.03-dadant-12-7-Copie-768x512.jpg 768w, https:\/\/audinet-ebeniste.fr\/wp-content\/uploads\/2026\/04\/2021.03.03-dadant-12-7-Copie-1536x1024.jpg 1536w, https:\/\/audinet-ebeniste.fr\/wp-content\/uploads\/2026\/04\/2021.03.03-dadant-12-7-Copie.jpg 2000w\" sizes=\"auto, (max-width: 767px) 89vw, (max-width: 1000px) 54vw, (max-width: 1071px) 543px, 580px\" \/><\/a><\/figure>\n\n\n\n<figure class=\"wp-block-image size-large\"><a href=\"https:\/\/audinev.cluster121.hosting.ovh.net\/wp-content\/uploads\/2026\/04\/2021.03.03-dadant-12-8-Copie.jpg\"><img loading=\"lazy\" decoding=\"async\" width=\"1024\" height=\"682\" data-id=\"250\" src=\"https:\/\/audinev.cluster121.hosting.ovh.net\/wp-content\/uploads\/2026\/04\/2021.03.03-dadant-12-8-Copie-1024x682.jpg\" alt=\"\" class=\"wp-image-250\" srcset=\"https:\/\/audinet-ebeniste.fr\/wp-content\/uploads\/2026\/04\/2021.03.03-dadant-12-8-Copie-1024x682.jpg 1024w, https:\/\/audinet-ebeniste.fr\/wp-content\/uploads\/2026\/04\/2021.03.03-dadant-12-8-Copie-300x200.jpg 300w, https:\/\/audinet-ebeniste.fr\/wp-content\/uploads\/2026\/04\/2021.03.03-dadant-12-8-Copie-768x512.jpg 768w, https:\/\/audinet-ebeniste.fr\/wp-content\/uploads\/2026\/04\/2021.03.03-dadant-12-8-Copie-1536x1024.jpg 1536w, https:\/\/audinet-ebeniste.fr\/wp-content\/uploads\/2026\/04\/2021.03.03-dadant-12-8-Copie.jpg 2000w\" sizes=\"auto, (max-width: 767px) 89vw, (max-width: 1000px) 54vw, (max-width: 1071px) 543px, 580px\" \/><\/a><\/figure>\n\n\n\n<figure class=\"wp-block-image size-large\"><a href=\"https:\/\/audinev.cluster121.hosting.ovh.net\/wp-content\/uploads\/2026\/04\/2021.03.03-dadant-12-9-Copie.jpg\"><img loading=\"lazy\" decoding=\"async\" width=\"1024\" height=\"682\" data-id=\"249\" src=\"https:\/\/audinev.cluster121.hosting.ovh.net\/wp-content\/uploads\/2026\/04\/2021.03.03-dadant-12-9-Copie-1024x682.jpg\" alt=\"\" class=\"wp-image-249\" srcset=\"https:\/\/audinet-ebeniste.fr\/wp-content\/uploads\/2026\/04\/2021.03.03-dadant-12-9-Copie-1024x682.jpg 1024w, https:\/\/audinet-ebeniste.fr\/wp-content\/uploads\/2026\/04\/2021.03.03-dadant-12-9-Copie-300x200.jpg 300w, https:\/\/audinet-ebeniste.fr\/wp-content\/uploads\/2026\/04\/2021.03.03-dadant-12-9-Copie-768x512.jpg 768w, https:\/\/audinet-ebeniste.fr\/wp-content\/uploads\/2026\/04\/2021.03.03-dadant-12-9-Copie-1536x1024.jpg 1536w, https:\/\/audinet-ebeniste.fr\/wp-content\/uploads\/2026\/04\/2021.03.03-dadant-12-9-Copie.jpg 2000w\" sizes=\"auto, (max-width: 767px) 89vw, (max-width: 1000px) 54vw, (max-width: 1071px) 543px, 580px\" \/><\/a><\/figure>\n\n\n\n<figure class=\"wp-block-image size-large\"><a href=\"https:\/\/audinev.cluster121.hosting.ovh.net\/wp-content\/uploads\/2026\/04\/2021.03.03-dadant-12-10-Copie.jpg\"><img loading=\"lazy\" decoding=\"async\" width=\"1024\" height=\"682\" data-id=\"252\" src=\"https:\/\/audinev.cluster121.hosting.ovh.net\/wp-content\/uploads\/2026\/04\/2021.03.03-dadant-12-10-Copie-1024x682.jpg\" alt=\"\" class=\"wp-image-252\" srcset=\"https:\/\/audinet-ebeniste.fr\/wp-content\/uploads\/2026\/04\/2021.03.03-dadant-12-10-Copie-1024x682.jpg 1024w, https:\/\/audinet-ebeniste.fr\/wp-content\/uploads\/2026\/04\/2021.03.03-dadant-12-10-Copie-300x200.jpg 300w, https:\/\/audinet-ebeniste.fr\/wp-content\/uploads\/2026\/04\/2021.03.03-dadant-12-10-Copie-768x512.jpg 768w, https:\/\/audinet-ebeniste.fr\/wp-content\/uploads\/2026\/04\/2021.03.03-dadant-12-10-Copie-1536x1024.jpg 1536w, https:\/\/audinet-ebeniste.fr\/wp-content\/uploads\/2026\/04\/2021.03.03-dadant-12-10-Copie.jpg 2000w\" sizes=\"auto, (max-width: 767px) 89vw, (max-width: 1000px) 54vw, (max-width: 1071px) 543px, 580px\" \/><\/a><\/figure>\n<\/figure>\n\n\n\n<h2 class=\"wp-block-heading has-text-align-center\">Corps de ruche Dadant 10 cadres en ch\u00e2taignier<\/h2>\n\n\n\n<figure class=\"wp-block-image size-large\"><a href=\"https:\/\/audinev.cluster121.hosting.ovh.net\/wp-content\/uploads\/2026\/04\/2021.06.13-20.jpg\"><img loading=\"lazy\" decoding=\"async\" width=\"1024\" height=\"682\" src=\"https:\/\/audinev.cluster121.hosting.ovh.net\/wp-content\/uploads\/2026\/04\/2021.06.13-20-1024x682.jpg\" alt=\"\" class=\"wp-image-262\" srcset=\"https:\/\/audinet-ebeniste.fr\/wp-content\/uploads\/2026\/04\/2021.06.13-20-1024x682.jpg 1024w, https:\/\/audinet-ebeniste.fr\/wp-content\/uploads\/2026\/04\/2021.06.13-20-300x200.jpg 300w, https:\/\/audinet-ebeniste.fr\/wp-content\/uploads\/2026\/04\/2021.06.13-20-768x512.jpg 768w, https:\/\/audinet-ebeniste.fr\/wp-content\/uploads\/2026\/04\/2021.06.13-20-1536x1024.jpg 1536w, https:\/\/audinet-ebeniste.fr\/wp-content\/uploads\/2026\/04\/2021.06.13-20.jpg 2000w\" sizes=\"auto, (max-width: 767px) 89vw, (max-width: 1000px) 54vw, (max-width: 1071px) 543px, 580px\" \/><\/a><\/figure>\n\n\n\n<figure class=\"wp-block-image size-large\"><a href=\"https:\/\/audinev.cluster121.hosting.ovh.net\/wp-content\/uploads\/2026\/04\/IMG_9766-Copie.jpg\"><img loading=\"lazy\" decoding=\"async\" width=\"682\" height=\"1024\" src=\"https:\/\/audinev.cluster121.hosting.ovh.net\/wp-content\/uploads\/2026\/04\/IMG_9766-Copie-682x1024.jpg\" alt=\"\" class=\"wp-image-258\" srcset=\"https:\/\/audinet-ebeniste.fr\/wp-content\/uploads\/2026\/04\/IMG_9766-Copie-682x1024.jpg 682w, https:\/\/audinet-ebeniste.fr\/wp-content\/uploads\/2026\/04\/IMG_9766-Copie-200x300.jpg 200w, https:\/\/audinet-ebeniste.fr\/wp-content\/uploads\/2026\/04\/IMG_9766-Copie-768x1152.jpg 768w, https:\/\/audinet-ebeniste.fr\/wp-content\/uploads\/2026\/04\/IMG_9766-Copie-1024x1536.jpg 1024w, https:\/\/audinet-ebeniste.fr\/wp-content\/uploads\/2026\/04\/IMG_9766-Copie.jpg 1333w\" sizes=\"auto, (max-width: 682px) 100vw, 682px\" \/><\/a><\/figure>\n\n\n\n<h2 class=\"wp-block-heading has-text-align-center\">Ruche en Douglas pour Apiculteur professionnel<\/h2>\n\n\n\n<figure class=\"wp-block-image size-large\"><a href=\"https:\/\/audinev.cluster121.hosting.ovh.net\/wp-content\/uploads\/2026\/04\/2020.05.03-20.jpg\"><img loading=\"lazy\" decoding=\"async\" width=\"1024\" height=\"682\" src=\"https:\/\/audinev.cluster121.hosting.ovh.net\/wp-content\/uploads\/2026\/04\/2020.05.03-20-1024x682.jpg\" alt=\"\" class=\"wp-image-241\" srcset=\"https:\/\/audinet-ebeniste.fr\/wp-content\/uploads\/2026\/04\/2020.05.03-20-1024x682.jpg 1024w, https:\/\/audinet-ebeniste.fr\/wp-content\/uploads\/2026\/04\/2020.05.03-20-300x200.jpg 300w, https:\/\/audinet-ebeniste.fr\/wp-content\/uploads\/2026\/04\/2020.05.03-20-768x511.jpg 768w, https:\/\/audinet-ebeniste.fr\/wp-content\/uploads\/2026\/04\/2020.05.03-20.jpg 1500w\" sizes=\"auto, (max-width: 767px) 89vw, (max-width: 1000px) 54vw, (max-width: 1071px) 543px, 580px\" \/><\/a><\/figure>\n\n\n\n<figure class=\"wp-block-image size-large\"><a href=\"https:\/\/audinev.cluster121.hosting.ovh.net\/wp-content\/uploads\/2026\/04\/2020.05.03-8.jpg\"><img loading=\"lazy\" decoding=\"async\" width=\"1024\" height=\"682\" src=\"https:\/\/audinev.cluster121.hosting.ovh.net\/wp-content\/uploads\/2026\/04\/2020.05.03-8-1024x682.jpg\" alt=\"\" class=\"wp-image-242\" srcset=\"https:\/\/audinet-ebeniste.fr\/wp-content\/uploads\/2026\/04\/2020.05.03-8-1024x682.jpg 1024w, https:\/\/audinet-ebeniste.fr\/wp-content\/uploads\/2026\/04\/2020.05.03-8-300x200.jpg 300w, https:\/\/audinet-ebeniste.fr\/wp-content\/uploads\/2026\/04\/2020.05.03-8-768x511.jpg 768w, https:\/\/audinet-ebeniste.fr\/wp-content\/uploads\/2026\/04\/2020.05.03-8.jpg 1500w\" sizes=\"auto, (max-width: 767px) 89vw, (max-width: 1000px) 54vw, (max-width: 1071px) 543px, 580px\" \/><\/a><\/figure>\n\n\n\n<h2 class=\"wp-block-heading has-text-align-center\">Fabrication en s\u00e9rie<\/h2>\n\n\n\n<figure class=\"wp-block-image size-large\"><img loading=\"lazy\" decoding=\"async\" width=\"683\" height=\"1024\" src=\"https:\/\/audinev.cluster121.hosting.ovh.net\/wp-content\/uploads\/2026\/04\/2020.04.16-11-683x1024.jpg\" alt=\"\" class=\"wp-image-244\" srcset=\"https:\/\/audinet-ebeniste.fr\/wp-content\/uploads\/2026\/04\/2020.04.16-11-683x1024.jpg 683w, https:\/\/audinet-ebeniste.fr\/wp-content\/uploads\/2026\/04\/2020.04.16-11-200x300.jpg 200w, https:\/\/audinet-ebeniste.fr\/wp-content\/uploads\/2026\/04\/2020.04.16-11-768x1152.jpg 768w, https:\/\/audinet-ebeniste.fr\/wp-content\/uploads\/2026\/04\/2020.04.16-11.jpg 1000w\" sizes=\"auto, (max-width: 683px) 100vw, 683px\" \/><\/figure>\n","protected":false},"excerpt":{"rendered":"<p>Ruche en Ch\u00e2taignier massif Ruche Dadant 12 cadres en ch\u00e2taignier Corps de ruche Dadant 10 cadres en ch\u00e2taignier Ruche en Douglas pour Apiculteur professionnel Fabrication en s\u00e9rie<\/p>\n","protected":false},"author":2,"featured_media":0,"parent":0,"menu_order":0,"comment_status":"closed","ping_status":"closed","template":"","meta":{"footnotes":""},"class_list":["post-99","page","type-page","status-publish","hentry"],"_links":{"self":[{"href":"https:\/\/audinet-ebeniste.fr\/index.php\/wp-json\/wp\/v2\/pages\/99","targetHints":{"allow":["GET"]}}],"collection":[{"href":"https:\/\/audinet-ebeniste.fr\/index.php\/wp-json\/wp\/v2\/pages"}],"about":[{"href":"https:\/\/audinet-ebeniste.fr\/index.php\/wp-json\/wp\/v2\/types\/page"}],"author":[{"embeddable":true,"href":"https:\/\/audinet-ebeniste.fr\/index.php\/wp-json\/wp\/v2\/users\/2"}],"replies":[{"embeddable":true,"href":"https:\/\/audinet-ebeniste.fr\/index.php\/wp-json\/wp\/v2\/comments?post=99"}],"version-history":[{"count":4,"href":"https:\/\/audinet-ebeniste.fr\/index.php\/wp-json\/wp\/v2\/pages\/99\/revisions"}],"predecessor-version":[{"id":263,"href":"https:\/\/audinet-ebeniste.fr\/index.php\/wp-json\/wp\/v2\/pages\/99\/revisions\/263"}],"wp:attachment":[{"href":"https:\/\/audinet-ebeniste.fr\/index.php\/wp-json\/wp\/v2\/media?parent=99"}],"curies":[{"name":"wp","href":"https:\/\/api.w.org\/{rel}","templated":true}]}}